{"id":1147,"date":"2024-03-04T06:52:54","date_gmt":"2024-03-04T06:52:54","guid":{"rendered":"https:\/\/www.pharmacopoeiatest.com\/?page_id=1147"},"modified":"2024-03-04T07:02:57","modified_gmt":"2024-03-04T07:02:57","slug":"astm","status":"publish","type":"page","link":"https:\/\/www.pharmacopoeiatest.com\/et\/astm\/","title":{"rendered":"ASTM"},"content":{"rendered":"<div data-elementor-type=\"wp-page\" data-elementor-id=\"1147\" class=\"elementor elementor-1147\" data-elementor-post-type=\"page\">\n\t\t\t\t<div class=\"elementor-element elementor-element-3bfbdd7 e-flex e-con-boxed e-con e-parent\" data-id=\"3bfbdd7\" data-element_type=\"container\">\n\t\t\t\t\t<div class=\"e-con-inner\">\n\t\t<div class=\"elementor-element elementor-element-eaecd34 e-flex e-con-boxed e-con e-child\" data-id=\"eaecd34\" data-element_type=\"container\">\n\t\t\t\t\t<div class=\"e-con-inner\">\n\t\t\t\t<div class=\"elementor-element elementor-element-19b0188 elementor-widget elementor-widget-heading\" data-id=\"19b0188\" data-element_type=\"widget\" data-widget_type=\"heading.default\">\n\t\t\t\t<div class=\"elementor-widget-container\">\n\t\t\t<h1 class=\"elementor-heading-title elementor-size-default\">ASTM<\/h1>\t\t<\/div>\n\t\t\t\t<\/div>\n\t\t\t\t\t<\/div>\n\t\t\t\t<\/div>\n\t\t\t\t\t<\/div>\n\t\t\t\t<\/div>\n\t\t<div class=\"elementor-element elementor-element-dc86b60 e-flex e-con-boxed e-con e-parent\" data-id=\"dc86b60\" data-element_type=\"container\">\n\t\t\t\t\t<div class=\"e-con-inner\">\n\t\t\t\t<div class=\"elementor-element elementor-element-f0e19cc elementor-widget elementor-widget-image\" data-id=\"f0e19cc\" data-element_type=\"widget\" data-widget_type=\"image.default\">\n\t\t\t\t<div class=\"elementor-widget-container\">\n\t\t\t\t\t\t\t\t\t\t<figure class=\"wp-caption\">\n\t\t\t\t\t\t\t\t\t\t\t<a href=\"https:\/\/www.astm.org\/\" target=\"_blank\" rel=\"noopener\">\n\t\t\t\t\t\t\t<img decoding=\"async\" src=\"https:\/\/www.pharmacopoeiatest.com\/wp-content\/uploads\/2024\/03\/ASTM-International-Logo.jpg\" title=\"ASTM Internationali logo\" alt=\"ASTM Internationali logo\" loading=\"lazy\" \/>\t\t\t\t\t\t\t\t<\/a>\n\t\t\t\t\t\t\t\t\t\t\t<figcaption class=\"widget-image-caption wp-caption-text\">ASTM<\/figcaption>\n\t\t\t\t\t\t\t\t\t\t<\/figure>\n\t\t\t\t\t\t\t<\/div>\n\t\t\t\t<\/div>\n\t\t\t\t\t<\/div>\n\t\t\t\t<\/div>\n\t\t<div class=\"elementor-element elementor-element-2688103 e-flex e-con-boxed e-con e-parent\" data-id=\"2688103\" data-element_type=\"container\">\n\t\t\t\t\t<div class=\"e-con-inner\">\n\t\t\t\t<div class=\"elementor-element elementor-element-7db2431 elementor-widget elementor-widget-text-editor\" data-id=\"7db2431\" data-element_type=\"widget\" data-widget_type=\"text-editor.default\">\n\t\t\t\t<div class=\"elementor-widget-container\">\n\t\t\t\t\t\t\t<p>ASTM International, varem tuntud kui American Society for Testing and Materials, on \u00fcks suurimaid vabatahtlikke standardite v\u00e4ljat\u00f6\u00f6tamise organisatsioone maailmas. ASTM International asutati 1898. aastal ja \u00fchendab erinevate t\u00f6\u00f6stusharude ja erialade eksperte, et t\u00f6\u00f6tada v\u00e4lja ja avaldada konsensusp\u00f5hiseid standardeid materjalide, toodete, s\u00fcsteemide ja teenuste kohta. Neid standardeid kasutatakse kogu maailmas, et parandada toodete kvaliteeti, parandada ohutust, h\u00f5lbustada turulep\u00e4\u00e4su ja toetada innovatsiooni.<\/p>\t\t\t\t\t\t<\/div>\n\t\t\t\t<\/div>\n\t\t\t\t\t<\/div>\n\t\t\t\t<\/div>\n\t\t<div class=\"elementor-element elementor-element-5814029 e-flex e-con-boxed e-con e-parent\" data-id=\"5814029\" data-element_type=\"container\">\n\t\t\t\t\t<div class=\"e-con-inner\">\n\t\t<div class=\"elementor-element elementor-element-5b8c66a e-con-full e-flex e-con e-child\" data-id=\"5b8c66a\" data-element_type=\"container\">\n\t\t\t\t<div class=\"elementor-element elementor-element-9146eef elementor-widget elementor-widget-heading\" data-id=\"9146eef\" data-element_type=\"widget\" data-widget_type=\"heading.default\">\n\t\t\t\t<div class=\"elementor-widget-container\">\n\t\t\t<h2 class=\"elementor-heading-title elementor-size-default\">Standardite t\u00fc\u00fcbid:\n\n<\/h2>\t\t<\/div>\n\t\t\t\t<\/div>\n\t\t\t\t<\/div>\n\t\t\t\t\t<\/div>\n\t\t\t\t<\/div>\n\t\t<div class=\"elementor-element elementor-element-ede01c2 e-flex e-con-boxed e-con e-parent\" data-id=\"ede01c2\" data-element_type=\"container\">\n\t\t\t\t\t<div class=\"e-con-inner\">\n\t\t\t\t<div class=\"elementor-element elementor-element-d3389cc elementor-widget elementor-widget-text-editor\" data-id=\"d3389cc\" data-element_type=\"widget\" data-widget_type=\"text-editor.default\">\n\t\t\t\t<div class=\"elementor-widget-container\">\n\t\t\t\t\t\t\t<p>ASTM standardid h\u00f5lmavad laia valikut t\u00f6\u00f6stusharusid ja rakendusi, sealhulgas:<\/p><ol><li><strong>Materjalid:<\/strong> Metallide, plastide, keraamika, komposiitide ja muude ehituses, tootmises ja muudes t\u00f6\u00f6stusharudes kasutatavate materjalide standardid.<\/li><li><strong>Tooted:<\/strong> Konkreetsete toodete, n\u00e4iteks ehitusmaterjalide, tarbekaupade, meditsiiniseadmete ja elektriseadmete standardid.<\/li><li><strong>Protsessid:<\/strong> Tootmisprotsesside, katsemeetodite, kvaliteedijuhtimiss\u00fcsteemide ja muude t\u00f6\u00f6stuses kasutatavate menetluste standardid.<\/li><li><strong>Ohutus:<\/strong> tooteohutuse, t\u00f6\u00f6tervishoiu ja t\u00f6\u00f6ohutuse, transpordiohutuse ja muude ohutusjuhtimise aspektide standardid.<\/li><li><strong>Keskkonnakaitse:<\/strong> keskkonnajuhtimise, s\u00e4\u00e4stvuse, ringlussev\u00f5tu ja reostuse v\u00e4ltimise standardid.<\/li><\/ol>\t\t\t\t\t\t<\/div>\n\t\t\t\t<\/div>\n\t\t\t\t\t<\/div>\n\t\t\t\t<\/div>\n\t\t<div class=\"elementor-element elementor-element-709c65f e-flex e-con-boxed e-con e-parent\" data-id=\"709c65f\" data-element_type=\"container\">\n\t\t\t\t\t<div class=\"e-con-inner\">\n\t\t\t\t<div class=\"elementor-element elementor-element-8e91214 elementor-widget elementor-widget-heading\" data-id=\"8e91214\" data-element_type=\"widget\" data-widget_type=\"heading.default\">\n\t\t\t\t<div class=\"elementor-widget-container\">\n\t\t\t<h2 class=\"elementor-heading-title elementor-size-default\">ASTM standardite eelised:<\/h2>\t\t<\/div>\n\t\t\t\t<\/div>\n\t\t\t\t\t<\/div>\n\t\t\t\t<\/div>\n\t\t<div class=\"elementor-element elementor-element-70fb834 e-flex e-con-boxed e-con e-parent\" data-id=\"70fb834\" data-element_type=\"container\">\n\t\t\t\t\t<div class=\"e-con-inner\">\n\t\t\t\t<div class=\"elementor-element elementor-element-1603d19 elementor-widget elementor-widget-text-editor\" data-id=\"1603d19\" data-element_type=\"widget\" data-widget_type=\"text-editor.default\">\n\t\t\t\t<div class=\"elementor-widget-container\">\n\t\t\t\t\t\t\t<ol><li><strong>Kvaliteedi tagamine:<\/strong> ASTM standardid aitavad tagada, et tooted ja materjalid vastavad minimaalsetele kvaliteedin\u00f5uetele, mis toob kaasa suurema t\u00f6\u00f6kindluse ja j\u00f5udluse.<\/li><li><strong>Ohutus:<\/strong> ASTMi standardid aitavad tarbijate, t\u00f6\u00f6tajate ja keskkonna kaitsmisel v\u00f5imalike ohtude eest, kehtestades minimaalsed ohutusn\u00f5uded.<\/li><li><strong>\u00dclemaailmne kaubandus:<\/strong> ASTM standardid h\u00f5lbustavad rahvusvahelist kaubandust, pakkudes \u00fchtset keelt tooten\u00f5uete ja katsemeetodite m\u00e4\u00e4ratlemiseks.<\/li><li><strong>Innovatsioon:<\/strong> ASTM standardid toetavad innovatsiooni, pakkudes raamistikku uute materjalide, toodete ja tehnoloogiate arendamiseks ja hindamiseks.<\/li><li><strong>\u00d5igusaktide j\u00e4rgimine:<\/strong> Paljudele ASTMi standarditele viidatakse m\u00e4\u00e4rustes ja eeskirjades, mist\u00f5ttu nende standardite j\u00e4rgimine on turulep\u00e4\u00e4su ja \u00f5igusliku vastavuse seisukohast oluline.<\/li><\/ol>\t\t\t\t\t\t<\/div>\n\t\t\t\t<\/div>\n\t\t\t\t\t<\/div>\n\t\t\t\t<\/div>\n\t\t<div class=\"elementor-element elementor-element-45945bf e-flex e-con-boxed e-con e-parent\" data-id=\"45945bf\" data-element_type=\"container\">\n\t\t\t\t\t<div class=\"e-con-inner\">\n\t\t\t\t<div class=\"elementor-element elementor-element-573fe5b elementor-widget elementor-widget-text-editor\" data-id=\"573fe5b\" data-element_type=\"widget\" data-widget_type=\"text-editor.default\">\n\t\t\t\t<div class=\"elementor-widget-container\">\n\t\t\t\t\t\t\t<p>ASTM International m\u00e4ngib olulist rolli t\u00f6\u00f6stuse tavade edendamisel, ohutuse ja kvaliteedi edendamisel ning \u00fclemaailmse kaubanduse ja innovatsiooni h\u00f5lbustamisel konsensusp\u00f5histe standardite v\u00e4ljat\u00f6\u00f6tamise ja levitamise kaudu.<\/p>\t\t\t\t\t\t<\/div>\n\t\t\t\t<\/div>\n\t\t\t\t\t<\/div>\n\t\t\t\t<\/div>\n\t\t<div class=\"elementor-element elementor-element-73e8b9f e-flex e-con-boxed e-con e-parent\" data-id=\"73e8b9f\" data-element_type=\"container\">\n\t\t\t\t\t<div class=\"e-con-inner\">\n\t\t\t\t<div class=\"elementor-element elementor-element-56c1012 elementor-widget elementor-widget-heading\" data-id=\"56c1012\" data-element_type=\"widget\" data-widget_type=\"heading.default\">\n\t\t\t\t<div class=\"elementor-widget-container\">\n\t\t\t<h2 class=\"elementor-heading-title elementor-size-default\">Uurige, mida Cell Instruments saab pakkuda<\/h2>\t\t<\/div>\n\t\t\t\t<\/div>\n\t\t\t\t<div class=\"elementor-element elementor-element-502feec elementor-grid-3 elementor-grid-tablet-2 elementor-grid-mobile-1 elementor-widget elementor-widget-portfolio\" data-id=\"502feec\" data-element_type=\"widget\" data-settings=\"{&quot;columns&quot;:&quot;3&quot;,&quot;columns_tablet&quot;:&quot;2&quot;,&quot;columns_mobile&quot;:&quot;1&quot;,&quot;item_ratio&quot;:{&quot;unit&quot;:&quot;px&quot;,&quot;size&quot;:0.66,&quot;sizes&quot;:[]},&quot;item_gap&quot;:{&quot;unit&quot;:&quot;px&quot;,&quot;size&quot;:&quot;&quot;,&quot;sizes&quot;:[]},&quot;row_gap&quot;:{&quot;unit&quot;:&quot;px&quot;,&quot;size&quot;:&quot;&quot;,&quot;sizes&quot;:[]}}\" data-widget_type=\"portfolio.default\">\n\t\t\t\t<div class=\"elementor-widget-container\">\n\t\t\t\t\t<div class=\"elementor-portfolio elementor-grid elementor-posts-container\">\n\t\t\t\t<article class=\"elementor-portfolio-item elementor-post  post-2587 post type-post status-publish format-standard hentry category-blog\">\n\t\t\t<a class=\"elementor-post__thumbnail__link\" href=\"https:\/\/www.pharmacopoeiatest.com\/et\/flaxseed-oil-softgel-test\/\">\n\t\t\t\t<div class=\"elementor-portfolio-item__img elementor-post__thumbnail\">\n\t\t\t\t\t<\/div>\n\t\t\t\t<div class=\"elementor-portfolio-item__overlay\">\n\t\t\t\t<h3 class=\"elementor-portfolio-item__title\">\n\t\tFlaxseed Oil Softgel Test: Ensuring Quality Control for Soft Gelatin Capsules\t\t<\/h3>\n\t\t\t\t<\/div>\n\t\t\t\t<\/a>\n\t\t<\/article>\n\t\t\t\t<article class=\"elementor-portfolio-item elementor-post  post-2583 post type-post status-publish format-standard hentry category-blog\">\n\t\t\t<a class=\"elementor-post__thumbnail__link\" href=\"https:\/\/www.pharmacopoeiatest.com\/et\/hydrolytic-resistance-test-for-glass-containers\/\">\n\t\t\t\t<div class=\"elementor-portfolio-item__img elementor-post__thumbnail\">\n\t\t\t\t\t<\/div>\n\t\t\t\t<div class=\"elementor-portfolio-item__overlay\">\n\t\t\t\t<h3 class=\"elementor-portfolio-item__title\">\n\t\tHydrolytic Resistance Test for Glass Containers: Understanding Its Importance and ISO Standards\t\t<\/h3>\n\t\t\t\t<\/div>\n\t\t\t\t<\/a>\n\t\t<\/article>\n\t\t\t\t<article class=\"elementor-portfolio-item elementor-post  post-2576 post type-post status-publish format-standard hentry category-blog\">\n\t\t\t<a class=\"elementor-post__thumbnail__link\" href=\"https:\/\/www.pharmacopoeiatest.com\/et\/vitamin-k2-softgel-test\/\">\n\t\t\t\t<div class=\"elementor-portfolio-item__img elementor-post__thumbnail\">\n\t\t\t\t\t<\/div>\n\t\t\t\t<div class=\"elementor-portfolio-item__overlay\">\n\t\t\t\t<h3 class=\"elementor-portfolio-item__title\">\n\t\tVitamin K2 Softgel Test: Ensuring Quality and Consistency in Pharmaceutical Softgel Capsules\t\t<\/h3>\n\t\t\t\t<\/div>\n\t\t\t\t<\/a>\n\t\t<\/article>\n\t\t\t\t<article class=\"elementor-portfolio-item elementor-post  post-2570 post type-post status-publish format-standard hentry category-blog\">\n\t\t\t<a class=\"elementor-post__thumbnail__link\" href=\"https:\/\/www.pharmacopoeiatest.com\/et\/needle-toughness-test\/\">\n\t\t\t\t<div class=\"elementor-portfolio-item__img elementor-post__thumbnail\">\n\t\t\t\t\t<\/div>\n\t\t\t\t<div class=\"elementor-portfolio-item__overlay\">\n\t\t\t\t<h3 class=\"elementor-portfolio-item__title\">\n\t\tNeedle Toughness Test: Stiffness and Breakage Resistance Testing According to ISO 9626\t\t<\/h3>\n\t\t\t\t<\/div>\n\t\t\t\t<\/a>\n\t\t<\/article>\n\t\t\t\t<article class=\"elementor-portfolio-item elementor-post  post-2565 post type-post status-publish format-standard hentry category-blog\">\n\t\t\t<a class=\"elementor-post__thumbnail__link\" href=\"https:\/\/www.pharmacopoeiatest.com\/et\/quality-control-test-for-soft-gelatin-capsules\/\">\n\t\t\t\t<div class=\"elementor-portfolio-item__img elementor-post__thumbnail\">\n\t\t\t\t\t<\/div>\n\t\t\t\t<div class=\"elementor-portfolio-item__overlay\">\n\t\t\t\t<h3 class=\"elementor-portfolio-item__title\">\n\t\tPehme \u017eelatiinkapslite kvaliteedikontrolli test: Kvaliteedi ja j\u00f5udluse tagamine\t\t<\/h3>\n\t\t\t\t<\/div>\n\t\t\t\t<\/a>\n\t\t<\/article>\n\t\t\t\t<article class=\"elementor-portfolio-item elementor-post  post-2559 post type-post status-publish format-standard hentry category-blog\">\n\t\t\t<a class=\"elementor-post__thumbnail__link\" href=\"https:\/\/www.pharmacopoeiatest.com\/et\/break-loose-and-glide-force-test\/\">\n\t\t\t\t<div class=\"elementor-portfolio-item__img elementor-post__thumbnail\">\n\t\t\t\t\t<\/div>\n\t\t\t\t<div class=\"elementor-portfolio-item__overlay\">\n\t\t\t\t<h3 class=\"elementor-portfolio-item__title\">\n\t\tLahtimurdmise ja libisemisj\u00f5u testimine: A Comprehensive Guide: A Comprehensive Guide: A Comprehensive Guide\t\t<\/h3>\n\t\t\t\t<\/div>\n\t\t\t\t<\/a>\n\t\t<\/article>\n\t\t\t\t<\/div>\n\t\t\t\t<\/div>\n\t\t\t\t<\/div>\n\t\t\t\t\t<\/div>\n\t\t\t\t<\/div>\n\t\t<div class=\"elementor-element elementor-element-93a8cb0 e-flex e-con-boxed e-con e-parent\" data-id=\"93a8cb0\" data-element_type=\"container\">\n\t\t\t\t\t<div class=\"e-con-inner\">\n\t\t\t\t<div class=\"elementor-element elementor-element-d971ae5 elementor-share-buttons--view-icon-text elementor-share-buttons--skin-gradient elementor-share-buttons--shape-square elementor-grid-0 elementor-share-buttons--color-official elementor-widget elementor-widget-share-buttons\" data-id=\"d971ae5\" data-element_type=\"widget\" data-widget_type=\"share-buttons.default\">\n\t\t\t\t<div class=\"elementor-widget-container\">\n\t\t\t\t\t<div class=\"elementor-grid\">\n\t\t\t\t\t\t\t\t<div class=\"elementor-grid-item\">\n\t\t\t\t\t\t<div\n\t\t\t\t\t\t\tclass=\"elementor-share-btn elementor-share-btn_facebook\"\n\t\t\t\t\t\t\trole=\"button\"\n\t\t\t\t\t\t\ttabindex=\"0\"\n\t\t\t\t\t\t\taria-label=\"Jaga facebookis\"\n\t\t\t\t\t\t>\n\t\t\t\t\t\t\t\t\t\t\t\t\t\t\t<span class=\"elementor-share-btn__icon\">\n\t\t\t\t\t\t\t\t<svg class=\"e-font-icon-svg e-fab-facebook\" viewbox=\"0 0 512 512\" xmlns=\"http:\/\/www.w3.org\/2000\/svg\"><path d=\"M504 256C504 119 393 8 256 8S8 119 8 256c0 123.78 90.69 226.38 209.25 245V327.69h-63V256h63v-54.64c0-62.15 37-96.48 93.67-96.48 27.14 0 55.52 4.84 55.52 4.84v61h-31.28c-30.8 0-40.41 19.12-40.41 38.73V256h68.78l-11 71.69h-57.78V501C413.31 482.38 504 379.78 504 256z\"><\/path><\/svg>\t\t\t\t\t\t\t<\/span>\n\t\t\t\t\t\t\t\t\t\t\t\t\t\t\t\t\t\t\t\t\t\t<div class=\"elementor-share-btn__text\">\n\t\t\t\t\t\t\t\t\t\t\t\t\t\t\t\t\t\t\t<span class=\"elementor-share-btn__title\">\n\t\t\t\t\t\t\t\t\t\tFacebook\t\t\t\t\t\t\t\t\t<\/span>\n\t\t\t\t\t\t\t\t\t\t\t\t\t\t\t\t\t<\/div>\n\t\t\t\t\t\t\t\t\t\t\t\t\t<\/div>\n\t\t\t\t\t<\/div>\n\t\t\t\t\t\t\t\t\t<div class=\"elementor-grid-item\">\n\t\t\t\t\t\t<div\n\t\t\t\t\t\t\tclass=\"elementor-share-btn elementor-share-btn_twitter\"\n\t\t\t\t\t\t\trole=\"button\"\n\t\t\t\t\t\t\ttabindex=\"0\"\n\t\t\t\t\t\t\taria-label=\"Jaga twitteris\"\n\t\t\t\t\t\t>\n\t\t\t\t\t\t\t\t\t\t\t\t\t\t\t<span class=\"elementor-share-btn__icon\">\n\t\t\t\t\t\t\t\t<svg class=\"e-font-icon-svg e-fab-twitter\" viewbox=\"0 0 512 512\" xmlns=\"http:\/\/www.w3.org\/2000\/svg\"><path d=\"M459.37 151.716c.325 4.548.325 9.097.325 13.645 0 138.72-105.583 298.558-298.558 298.558-59.452 0-114.68-17.219-161.137-47.106 8.447.974 16.568 1.299 25.34 1.299 49.055 0 94.213-16.568 130.274-44.832-46.132-.975-84.792-31.188-98.112-72.772 6.498.974 12.995 1.624 19.818 1.624 9.421 0 18.843-1.3 27.614-3.573-48.081-9.747-84.143-51.98-84.143-102.985v-1.299c13.969 7.797 30.214 12.67 47.431 13.319-28.264-18.843-46.781-51.005-46.781-87.391 0-19.492 5.197-37.36 14.294-52.954 51.655 63.675 129.3 105.258 216.365 109.807-1.624-7.797-2.599-15.918-2.599-24.04 0-57.828 46.782-104.934 104.934-104.934 30.213 0 57.502 12.67 76.67 33.137 23.715-4.548 46.456-13.32 66.599-25.34-7.798 24.366-24.366 44.833-46.132 57.827 21.117-2.273 41.584-8.122 60.426-16.243-14.292 20.791-32.161 39.308-52.628 54.253z\"><\/path><\/svg>\t\t\t\t\t\t\t<\/span>\n\t\t\t\t\t\t\t\t\t\t\t\t\t\t\t\t\t\t\t\t\t\t<div class=\"elementor-share-btn__text\">\n\t\t\t\t\t\t\t\t\t\t\t\t\t\t\t\t\t\t\t<span class=\"elementor-share-btn__title\">\n\t\t\t\t\t\t\t\t\t\tTwitter\t\t\t\t\t\t\t\t\t<\/span>\n\t\t\t\t\t\t\t\t\t\t\t\t\t\t\t\t\t<\/div>\n\t\t\t\t\t\t\t\t\t\t\t\t\t<\/div>\n\t\t\t\t\t<\/div>\n\t\t\t\t\t\t\t\t\t<div class=\"elementor-grid-item\">\n\t\t\t\t\t\t<div\n\t\t\t\t\t\t\tclass=\"elementor-share-btn elementor-share-btn_linkedin\"\n\t\t\t\t\t\t\trole=\"button\"\n\t\t\t\t\t\t\ttabindex=\"0\"\n\t\t\t\t\t\t\taria-label=\"Jagage Linkedinis\"\n\t\t\t\t\t\t>\n\t\t\t\t\t\t\t\t\t\t\t\t\t\t\t<span class=\"elementor-share-btn__icon\">\n\t\t\t\t\t\t\t\t<svg class=\"e-font-icon-svg e-fab-linkedin\" viewbox=\"0 0 448 512\" xmlns=\"http:\/\/www.w3.org\/2000\/svg\"><path d=\"M416 32H31.9C14.3 32 0 46.5 0 64.3v383.4C0 465.5 14.3 480 31.9 480H416c17.6 0 32-14.5 32-32.3V64.3c0-17.8-14.4-32.3-32-32.3zM135.4 416H69V202.2h66.5V416zm-33.2-243c-21.3 0-38.5-17.3-38.5-38.5S80.9 96 102.2 96c21.2 0 38.5 17.3 38.5 38.5 0 21.3-17.2 38.5-38.5 38.5zm282.1 243h-66.4V312c0-24.8-.5-56.7-34.5-56.7-34.6 0-39.9 27-39.9 54.9V416h-66.4V202.2h63.7v29.2h.9c8.9-16.8 30.6-34.5 62.9-34.5 67.2 0 79.7 44.3 79.7 101.9V416z\"><\/path><\/svg>\t\t\t\t\t\t\t<\/span>\n\t\t\t\t\t\t\t\t\t\t\t\t\t\t\t\t\t\t\t\t\t\t<div class=\"elementor-share-btn__text\">\n\t\t\t\t\t\t\t\t\t\t\t\t\t\t\t\t\t\t\t<span class=\"elementor-share-btn__title\">\n\t\t\t\t\t\t\t\t\t\tLinkedIn\t\t\t\t\t\t\t\t\t<\/span>\n\t\t\t\t\t\t\t\t\t\t\t\t\t\t\t\t\t<\/div>\n\t\t\t\t\t\t\t\t\t\t\t\t\t<\/div>\n\t\t\t\t\t<\/div>\n\t\t\t\t\t\t<\/div>\n\t\t\t\t<\/div>\n\t\t\t\t<\/div>\n\t\t\t\t\t<\/div>\n\t\t\t\t<\/div>\n\t\t<div class=\"elementor-element elementor-element-278ea3f e-flex e-con-boxed e-con e-parent\" data-id=\"278ea3f\" data-element_type=\"container\">\n\t\t\t\t\t<div class=\"e-con-inner\">\n\t\t\t\t\t<\/div>\n\t\t\t\t<\/div>\n\t\t\t\t<\/div>","protected":false},"excerpt":{"rendered":"<p>ASTM ASTM The ASTM International, formerly known as the American Society for Testing and Materials, is one of the largest voluntary standards development organizations in the world. Founded in 1898, ASTM International brings together experts from various industries and disciplines to develop and publish consensus-based standards for materials, products, systems, and services. These standards are [&hellip;]<\/p>","protected":false},"author":1,"featured_media":0,"parent":0,"menu_order":0,"comment_status":"closed","ping_status":"closed","template":"","meta":{"_acf_changed":false,"_uag_custom_page_level_css":"","site-sidebar-layout":"no-sidebar","site-content-layout":"page-builder","ast-site-content-layout":"full-width-container","site-content-style":"default","site-sidebar-style":"default","ast-global-header-display":"","ast-banner-title-visibility":"","ast-main-header-display":"","ast-hfb-above-header-display":"","ast-hfb-below-header-display":"","ast-hfb-mobile-header-display":"","site-post-title":"disabled","ast-breadcrumbs-content":"","ast-featured-img":"disabled","footer-sml-layout":"","theme-transparent-header-meta":"","adv-header-id-meta":"","stick-header-meta":"","header-above-stick-meta":"","header-main-stick-meta":"","header-below-stick-meta":"","astra-migrate-meta-layouts":"set","ast-page-background-enabled":"default","ast-page-background-meta":{"desktop":{"background-color":"var(--ast-global-color-4)","background-image":"","background-repeat":"repeat","background-position":"center center","background-size":"auto","background-attachment":"scroll","background-type":"","background-media":"","overlay-type":"","overlay-color":"","overlay-gradient":""},"tablet":{"background-color":"","background-image":"","background-repeat":"repeat","background-position":"center center","background-size":"auto","background-attachment":"scroll","background-type":"","background-media":"","overlay-type":"","overlay-color":"","overlay-gradient":""},"mobile":{"background-color":"","background-image":"","background-repeat":"repeat","background-position":"center center","background-size":"auto","background-attachment":"scroll","background-type":"","background-media":"","overlay-type":"","overlay-color":"","overlay-gradient":""}},"ast-content-background-meta":{"desktop":{"background-color":"var(--ast-global-color-5)","background-image":"","background-repeat":"repeat","background-position":"center center","background-size":"auto","background-attachment":"scroll","background-type":"","background-media":"","overlay-type":"","overlay-color":"","overlay-gradient":""},"tablet":{"background-color":"var(--ast-global-color-5)","background-image":"","background-repeat":"repeat","background-position":"center center","background-size":"auto","background-attachment":"scroll","background-type":"","background-media":"","overlay-type":"","overlay-color":"","overlay-gradient":""},"mobile":{"background-color":"var(--ast-global-color-5)","background-image":"","background-repeat":"repeat","background-position":"center center","background-size":"auto","background-attachment":"scroll","background-type":"","background-media":"","overlay-type":"","overlay-color":"","overlay-gradient":""}},"footnotes":""},"class_list":["post-1147","page","type-page","status-publish","hentry"],"acf":[],"uagb_featured_image_src":{"full":false,"thumbnail":false,"medium":false,"medium_large":false,"large":false,"1536x1536":false,"2048x2048":false,"trp-custom-language-flag":false},"uagb_author_info":{"display_name":"Admin","author_link":"https:\/\/www.pharmacopoeiatest.com\/et\/author\/admin\/"},"uagb_comment_info":0,"uagb_excerpt":"ASTM ASTM The ASTM International, formerly known as the American Society for Testing and Materials, is one of the largest voluntary standards development organizations in the world. Founded in 1898, ASTM International brings together experts from various industries and disciplines to develop and publish consensus-based standards for materials, products, systems, and services. These standards are&hellip;","_links":{"self":[{"href":"https:\/\/www.pharmacopoeiatest.com\/et\/wp-json\/wp\/v2\/pages\/1147","targetHints":{"allow":["GET"]}}],"collection":[{"href":"https:\/\/www.pharmacopoeiatest.com\/et\/wp-json\/wp\/v2\/pages"}],"about":[{"href":"https:\/\/www.pharmacopoeiatest.com\/et\/wp-json\/wp\/v2\/types\/page"}],"author":[{"embeddable":true,"href":"https:\/\/www.pharmacopoeiatest.com\/et\/wp-json\/wp\/v2\/users\/1"}],"replies":[{"embeddable":true,"href":"https:\/\/www.pharmacopoeiatest.com\/et\/wp-json\/wp\/v2\/comments?post=1147"}],"version-history":[{"count":10,"href":"https:\/\/www.pharmacopoeiatest.com\/et\/wp-json\/wp\/v2\/pages\/1147\/revisions"}],"predecessor-version":[{"id":1159,"href":"https:\/\/www.pharmacopoeiatest.com\/et\/wp-json\/wp\/v2\/pages\/1147\/revisions\/1159"}],"wp:attachment":[{"href":"https:\/\/www.pharmacopoeiatest.com\/et\/wp-json\/wp\/v2\/media?parent=1147"}],"curies":[{"name":"wp","href":"https:\/\/api.w.org\/{rel}","templated":true}]}}